{"id":157,"date":"2025-12-11T11:46:19","date_gmt":"2025-12-11T11:46:19","guid":{"rendered":"https:\/\/barbereliano.com\/?page_id=157"},"modified":"2026-04-09T14:13:52","modified_gmt":"2026-04-09T14:13:52","slug":"accessibility-policy","status":"publish","type":"page","link":"https:\/\/barbereliano.com\/es\/accessibility-policy\/","title":{"rendered":"Pol\u00edtica de accesibilidad"},"content":{"rendered":"<div data-elementor-type=\"wp-page\" data-elementor-id=\"157\" class=\"elementor elementor-157\" data-elementor-post-type=\"page\">\n\t\t\t\t<div class=\"elementor-element elementor-element-de4205f e-flex e-con-boxed e-con e-parent\" data-id=\"de4205f\" data-element_type=\"container\" data-e-type=\"container\" data-settings=\"{&quot;background_background&quot;:&quot;classic&quot;}\">\n\t\t\t\t\t<div class=\"e-con-inner\">\n\t\t\t\t<div class=\"elementor-element elementor-element-78e631c elementor-widget elementor-widget-shortcode\" data-id=\"78e631c\" data-element_type=\"widget\" data-e-type=\"widget\" data-widget_type=\"shortcode.default\">\n\t\t\t\t\t\t\t<div class=\"elementor-shortcode\"><\/div>\n\t\t\t\t\t\t<\/div>\n\t\t\t\t\t<\/div>\n\t\t\t\t<\/div>\n\t\t<div class=\"elementor-element elementor-element-1a7cf45 e-flex e-con-boxed e-con e-parent\" data-id=\"1a7cf45\" data-element_type=\"container\" data-e-type=\"container\">\n\t\t\t\t\t<div class=\"e-con-inner\">\n\t\t\t\t<div class=\"elementor-element elementor-element-fcfb211 elementor-widget elementor-widget-text-editor\" data-id=\"fcfb211\" data-element_type=\"widget\" data-e-type=\"widget\" data-widget_type=\"text-editor.default\">\n\t\t\t\t\t\t\t\t\t<p>Pol\u00edtica de accesibilidad para el sitio web: www.barbereliano.com<\/p><p>Fecha de entrada en vigor: 11-12-2025<\/p><p><strong>1. Introducci\u00f3n:<\/strong><\/p><p>Barber Eliano se compromete a ofrecer una experiencia digital accesible para todos los usuarios, independientemente de sus capacidades f\u00edsicas, cognitivas o sensoriales. Esta pol\u00edtica define nuestras directrices y objetivos para garantizar la accesibilidad de nuestro sitio web y cumplir con los est\u00e1ndares reconocidos internacionalmente, incluidas las Pautas de Accesibilidad para el Contenido Web (WCAG) 2.1.<\/p><p><strong>2. Compromiso con la accesibilidad:<\/strong><\/p><p>Nos comprometemos a hacer que nuestro sitio web sea accesible para todos y a tomar medidas continuas para mejorar la accesibilidad. Nuestro equipo de desarrollo y dise\u00f1o se esforzar\u00e1 por seguir las mejores pr\u00e1cticas de accesibilidad en todas las etapas del desarrollo y redise\u00f1o del sitio web.<\/p><p><strong>3. Normas de accesibilidad:<\/strong><\/p><p>Nuestro sitio web se dise\u00f1ar\u00e1 y mantendr\u00e1 de acuerdo con los siguientes est\u00e1ndares de accesibilidad:<\/p><ul class=\"wp-block-list\"><li>Cumplimiento de las Pautas de Accesibilidad para el Contenido Web (WCAG) 2.1, nivel AA.<\/li><li>Implementaci\u00f3n de sem\u00e1ntica HTML para mejorar la comprensi\u00f3n y navegaci\u00f3n del contenido.<\/li><li>Uso de ARIA (Accessible Rich Internet Applications) para mejorar la accesibilidad de aplicaciones web din\u00e1micas.<\/li><\/ul><p><br \/><strong>4. Pruebas y evaluaci\u00f3n continuas:<\/strong><\/p><p>Realizaremos pruebas de accesibilidad peri\u00f3dicas durante el desarrollo y las actualizaciones del sitio web. Adem\u00e1s, se llevar\u00e1n a cabo revisiones peri\u00f3dicas para garantizar el cumplimiento de los est\u00e1ndares de accesibilidad.<\/p><p><strong>5. Facilitar la navegaci\u00f3n:<\/strong><\/p><p>Proporcionaremos una estructura de navegaci\u00f3n clara y coherente.<\/p><p>Las descripciones significativas se incluir\u00e1n en los enlaces y botones para facilitar la comprensi\u00f3n de su funci\u00f3n.<\/p><p><strong>6. Contenido multimedia:<\/strong><\/p><p>Se proporcionar\u00e1n alternativas textuales para el contenido multimedia, como im\u00e1genes y videos.<\/p><p>Los subt\u00edtulos y las transcripciones se utilizar\u00e1n para los elementos de audio y video.<\/p><p><strong>7. Contraste y legibilidad:<\/strong><\/p><p>Se garantizar\u00e1 un contraste suficiente entre el texto y el fondo para mejorar la legibilidad.<\/p><p>Los usuarios podr\u00e1n ajustar el tama\u00f1o del texto seg\u00fan sus preferencias.<\/p><p><strong>8. Formularios y elementos interactivos:<\/strong><\/p><p>Los formularios se dise\u00f1ar\u00e1n con etiquetas claras y campos de entrada descriptivos.<\/p><p>Se proporcionar\u00e1n mensajes de error claros y soluciones para facilitar la correcci\u00f3n de errores en los formularios.<\/p><p><strong>9. Compatibilidad con navegadores y dispositivos:<\/strong><\/p><p>Nos esforzaremos por garantizar la compatibilidad con una amplia variedad de navegadores y dispositivos, incluidas las tecnolog\u00edas de asistencia.<\/p><p><strong>10. Retroalimentaci\u00f3n y mejoras:<\/strong><\/p><p>Animamos a los usuarios a proporcionar comentarios sobre la accesibilidad de nuestro sitio web. Tendremos en cuenta dichos comentarios y tomaremos medidas para abordar cualquier problema identificado.<\/p><p><strong>11. Contacto:<\/strong><\/p><p>Para cualquier pregunta, comentario o problema relacionado con la accesibilidad de nuestro sitio web, p\u00f3ngase en contacto con nuestro equipo de soporte en info@barbereliano.com.<\/p><p><strong>Revisi\u00f3n y actualizaci\u00f3n de pol\u00edticas:<\/strong><\/p><p>Esta pol\u00edtica se revisar\u00e1 peri\u00f3dicamente para asegurar que se mantenga relevante y efectiva. Se realizar\u00e1n actualizaciones seg\u00fan sea necesario para reflejar los cambios en la tecnolog\u00eda, la legislaci\u00f3n y las mejores pr\u00e1cticas en accesibilidad.<\/p><p>Agradecemos su cooperaci\u00f3n para ayudarnos a mejorar la accesibilidad de nuestro sitio web y proporcionar una experiencia en l\u00ednea inclusiva para todos los usuarios.\u00a0<\/p>\t\t\t\t\t\t\t\t<\/div>\n\t\t\t\t\t<\/div>\n\t\t\t\t<\/div>\n\t\t\t\t<\/div>","protected":false},"excerpt":{"rendered":"<p>Accessibility policy for the website: www.barbereliano.com Date of entry into force: 11-12-2025 1. Introduction: Barber Eliano is committed to providing a digital experience accessible to all users, regardless of their physical, cognitive or sensory abilities. This policy defines our guidelines and objectives to ensure the accessibility of our website and to comply with internationally recognised [&hellip;]<\/p>\n","protected":false},"author":1,"featured_media":0,"parent":0,"menu_order":0,"comment_status":"closed","ping_status":"closed","template":"elementor_header_footer","meta":{"_acf_changed":false,"footnotes":""},"class_list":["post-157","page","type-page","status-publish","hentry"],"acf":[],"_links":{"self":[{"href":"https:\/\/barbereliano.com\/es\/wp-json\/wp\/v2\/pages\/157","targetHints":{"allow":["GET"]}}],"collection":[{"href":"https:\/\/barbereliano.com\/es\/wp-json\/wp\/v2\/pages"}],"about":[{"href":"https:\/\/barbereliano.com\/es\/wp-json\/wp\/v2\/types\/page"}],"author":[{"embeddable":true,"href":"https:\/\/barbereliano.com\/es\/wp-json\/wp\/v2\/users\/1"}],"replies":[{"embeddable":true,"href":"https:\/\/barbereliano.com\/es\/wp-json\/wp\/v2\/comments?post=157"}],"version-history":[{"count":16,"href":"https:\/\/barbereliano.com\/es\/wp-json\/wp\/v2\/pages\/157\/revisions"}],"predecessor-version":[{"id":568,"href":"https:\/\/barbereliano.com\/es\/wp-json\/wp\/v2\/pages\/157\/revisions\/568"}],"wp:attachment":[{"href":"https:\/\/barbereliano.com\/es\/wp-json\/wp\/v2\/media?parent=157"}],"curies":[{"name":"wp","href":"https:\/\/api.w.org\/{rel}","templated":true}]}}